{"id":2555,"date":"2023-06-25T22:36:36","date_gmt":"2023-06-26T04:36:36","guid":{"rendered":"http:\/\/casther.com\/web\/?page_id=2555"},"modified":"2025-04-11T12:21:12","modified_gmt":"2025-04-11T18:21:12","slug":"fichas-tecnicas-y-hojas-de-seguridad","status":"publish","type":"page","link":"https:\/\/casther.com\/web\/fichas-tecnicas-y-hojas-de-seguridad\/","title":{"rendered":"Fichas T\u00e9cnicas y Hojas de Seguridad"},"content":{"rendered":"\t\t<div data-elementor-type=\"wp-page\" data-elementor-id=\"2555\" class=\"elementor elementor-2555\" data-elementor-post-type=\"page\">\n\t\t\t\t\t\t<section class=\"elementor-section elementor-top-section elementor-element elementor-element-16fce50 elementor-section-boxed elementor-section-height-default elementor-section-height-default\" data-id=\"16fce50\" data-element_type=\"section\" data-settings=\"{&quot;background_background&quot;:&quot;classic&quot;}\">\n\t\t\t\t\t\t<div class=\"elementor-container elementor-column-gap-default\">\n\t\t\t\t\t<div class=\"elementor-column elementor-col-100 elementor-top-column elementor-element elementor-element-71b01c9\" data-id=\"71b01c9\" data-element_type=\"column\">\n\t\t\t<div class=\"elementor-widget-wrap elementor-element-populated\">\n\t\t\t\t\t\t<div class=\"elementor-element elementor-element-ba4935b elementor-widget elementor-widget-image\" data-id=\"ba4935b\" data-element_type=\"widget\" data-widget_type=\"image.default\">\n\t\t\t\t<div class=\"elementor-widget-container\">\n\t\t\t\t\t\t\t\t\t\t\t\t\t<img fetchpriority=\"high\" decoding=\"async\" width=\"700\" height=\"150\" src=\"https:\/\/casther.com\/web\/wp-content\/uploads\/2023\/06\/Casther_Banner_Fichas_Hojas.png\" class=\"attachment-large size-large wp-image-2561\" alt=\"\" srcset=\"https:\/\/casther.com\/web\/wp-content\/uploads\/2023\/06\/Casther_Banner_Fichas_Hojas.png 700w, https:\/\/casther.com\/web\/wp-content\/uploads\/2023\/06\/Casther_Banner_Fichas_Hojas-300x64.png 300w, https:\/\/casther.com\/web\/wp-content\/uploads\/2023\/06\/Casther_Banner_Fichas_Hojas-600x129.png 600w\" sizes=\"(max-width: 700px) 100vw, 700px\" \/>\t\t\t\t\t\t\t\t\t\t\t\t\t<\/div>\n\t\t\t\t<\/div>\n\t\t\t\t\t<\/div>\n\t\t<\/div>\n\t\t\t\t\t<\/div>\n\t\t<\/section>\n\t\t\t\t<section class=\"elementor-section elementor-top-section elementor-element elementor-element-2fbf3af elementor-section-boxed elementor-section-height-default elementor-section-height-default\" data-id=\"2fbf3af\" data-element_type=\"section\">\n\t\t\t\t\t\t<div class=\"elementor-container elementor-column-gap-default\">\n\t\t\t\t\t<div class=\"elementor-column elementor-col-100 elementor-top-column elementor-element elementor-element-1c94abd\" data-id=\"1c94abd\" data-element_type=\"column\">\n\t\t\t<div class=\"elementor-widget-wrap elementor-element-populated\">\n\t\t\t\t\t\t<div class=\"elementor-element elementor-element-59c22cc elementor-widget elementor-widget-text-editor\" data-id=\"59c22cc\" data-element_type=\"widget\" data-widget_type=\"text-editor.default\">\n\t\t\t\t<div class=\"elementor-widget-container\">\n\t\t\t\t\t\t\t<p><b>Fichas T\u00e9cnicas<br \/><\/b><br \/><a href=\"http:\/\/casther.com\/web\/wp-content\/uploads\/2024\/07\/FT-Barniz-Alquidalico-Brillante.pdf\" target=\"_blank\" rel=\"noopener\">FT &#8211; Barniz Alquid\u00e1lico &#8211; Brillante<\/a><br \/><a style=\"font-size: 15px; font-style: normal; font-weight: 400; background-color: #ffffff;\" href=\"http:\/\/casther.com\/web\/wp-content\/uploads\/2025\/03\/FT-Epoxicast.pdf\" target=\"_blank\" rel=\"noopener\">FT &#8211; Epoxicast<\/a><br \/><a style=\"font-size: 15px; background-color: #ffffff;\" href=\"http:\/\/casther.com\/web\/wp-content\/uploads\/2024\/07\/FT-Esmalte-Alquidalico-Mate.pdf\" target=\"_blank\" rel=\"noopener\">FT &#8211; Esmalte Alquid\u00e1lico &#8211; Mate<\/a><br \/><a style=\"font-size: 15px; background-color: #ffffff;\" href=\"http:\/\/casther.com\/web\/wp-content\/uploads\/2024\/07\/FT-Esmalte-Alquidalico-Blanco.pdf\" target=\"_blank\" rel=\"noopener\">FT &#8211; Esmalte Alquid\u00e1lico &#8211; Blanco<\/a><br \/><a style=\"font-size: 15px; font-style: normal; font-weight: 400; background-color: #ffffff;\" href=\"http:\/\/casther.com\/web\/wp-content\/uploads\/2024\/07\/FT-Esmalte-Alquidalico-Colores.pdf\" target=\"_blank\" rel=\"noopener\">FT &#8211; Esmalte Alquid\u00e1lico &#8211; Colores<\/a><br \/><a style=\"font-size: 15px; font-style: normal; font-weight: 400; background-color: #ffffff;\" href=\"http:\/\/casther.com\/web\/wp-content\/uploads\/2025\/03\/FT-Esmalte-Base-Agua-Aigua-Duo-2.pdf\" target=\"_blank\" rel=\"noopener\">FT &#8211; Esmalte Base Agua Aigua Duo<\/a><br \/><a style=\"font-size: 15px; font-style: normal; font-weight: 400; background-color: #ffffff; transition-property: all;\" href=\"http:\/\/casther.com\/web\/wp-content\/uploads\/2025\/04\/FT-Esmalte-para-Galvanizado-1.pdf\" target=\"_blank\" rel=\"noopener\">FT &#8211; Esmalte para Galvanizado\u00a0<\/a><br \/><a style=\"font-size: 15px; background-color: #ffffff;\" href=\"http:\/\/casther.com\/web\/wp-content\/uploads\/2023\/06\/FT-Esmalte-Secado-Rapido.pdf\" target=\"_blank\" rel=\"noopener\">FT <\/a><a style=\"font-size: 15px; background-color: #ffffff;\" href=\"http:\/\/casther.com\/web\/wp-content\/uploads\/2025\/03\/FT-Esmalte-SR.pdf\" target=\"_blank\" rel=\"noopener\">&#8211; Esmalte SR<\/a><br \/><a style=\"font-size: 15px; background-color: #ffffff;\" href=\"http:\/\/casther.com\/web\/wp-content\/uploads\/2024\/07\/FT-Fondo-Anticorrosivo.pdf\" target=\"_blank\" rel=\"noopener\">FT &#8211; Fondo Anticorrosivo<\/a><br \/><a style=\"font-size: 15px; background-color: #ffffff;\" href=\"http:\/\/casther.com\/web\/wp-content\/uploads\/2024\/07\/FT-Impercasther-3A.pdf\" target=\"_blank\" rel=\"noopener\">FT &#8211; ImperCasther 3A<\/a><br \/><a style=\"font-size: 15px; background-color: #ffffff;\" href=\"http:\/\/casther.com\/web\/wp-content\/uploads\/2024\/07\/FT-Impercasther-Plus.pdf\" target=\"_blank\" rel=\"noopener\">FT &#8211; ImperCasther Plus<\/a><br \/><a style=\"font-size: 15px; background-color: #ffffff;\" href=\"http:\/\/casther.com\/web\/wp-content\/uploads\/2024\/07\/FT-Impercasther-15-Anos.pdf\" target=\"_blank\" rel=\"noopener\">FT &#8211; Impercasther 15 a\u00f1os<\/a><br \/><a style=\"font-size: 15px; background-color: #ffffff;\" href=\"http:\/\/casther.com\/web\/wp-content\/uploads\/2024\/07\/FT-Impermeabilizante-Impercasther.pdf\" target=\"_blank\" rel=\"noopener\">FT &#8211; Banda Impermeabilizante Impercasther<\/a><br \/><a style=\"font-size: 15px; background-color: #ffffff;\" href=\"http:\/\/casther.com\/web\/wp-content\/uploads\/2024\/07\/FT-Lait.pdf\" target=\"_blank\" rel=\"noopener\">FT &#8211; Lait<\/a><br \/><a style=\"font-size: 15px; background-color: #ffffff;\" href=\"http:\/\/casther.com\/web\/wp-content\/uploads\/2024\/07\/FT-Niva.pdf\" target=\"_blank\" rel=\"noopener\">FT &#8211; NIVA<\/a><br \/><a style=\"font-size: 15px; background-color: #ffffff;\" href=\"http:\/\/casther.com\/web\/wp-content\/uploads\/2025\/03\/FT-PIMECA.pdf\" target=\"_blank\" rel=\"noopener\">FT &#8211; PIMECA<\/a><br \/><a style=\"font-size: 15px; font-style: normal; font-weight: 400; background-color: #ffffff; transition-property: all;\" href=\"http:\/\/casther.com\/web\/wp-content\/uploads\/2025\/04\/FT-Recubrimiento-para-Alberca-1.pdf\" target=\"_blank\" rel=\"noopener\">FT &#8211; Recubrimiento para Alberca<\/a>\u00a0<br \/><a style=\"font-size: 15px; background-color: #ffffff;\" href=\"http:\/\/casther.com\/web\/wp-content\/uploads\/2024\/07\/FT-Repelente-de-Agua-Impercasther.pdf\" target=\"_blank\" rel=\"noopener\">FT &#8211; Repelente de agua ImperCasther<\/a>\u00a0<br \/><a style=\"font-size: 15px; font-style: normal; font-weight: 400; background-color: #ffffff;\" href=\"http:\/\/casther.com\/web\/wp-content\/uploads\/2025\/03\/FT-Resanador-para-Muros.pdf\" target=\"_blank\" rel=\"noopener\">FT &#8211; Resanador para Muros<\/a><br \/><a style=\"font-size: 15px; background-color: #ffffff;\" href=\"http:\/\/casther.com\/web\/wp-content\/uploads\/2024\/07\/FT-Sellacasther.pdf\" target=\"_blank\" rel=\"noopener\">FT &#8211; Sella Casther<\/a><br \/><a style=\"font-size: 15px; font-style: normal; font-weight: 400; background-color: #ffffff;\" href=\"http:\/\/casther.com\/web\/wp-content\/uploads\/2023\/09\/FT-Tonal-Colores.pdf\" target=\"_blank\" rel=\"noopener\">FT &#8211;\u00a0<\/a><a style=\"font-size: 15px; font-style: normal; font-weight: 400; background-color: #ffffff;\" href=\"http:\/\/casther.com\/web\/wp-content\/uploads\/2025\/03\/FT-Tonal-Blanco-1.pdf\" target=\"_blank\" rel=\"noopener\">Tonal<\/a><br \/><a style=\"font-size: 15px; background-color: #ffffff;\" href=\"http:\/\/casther.com\/web\/wp-content\/uploads\/2023\/09\/FT-Tonal-Colores.pdf\" target=\"_blank\" rel=\"noopener\">FT &#8211; <\/a><a style=\"font-size: 15px; background-color: #ffffff;\" href=\"http:\/\/casther.com\/web\/wp-content\/uploads\/2024\/07\/FT-Tonal-Mate-Blanco.pdf\" target=\"_blank\" rel=\"noopener\">Tonal &#8211; Mate &#8211; Blanco<\/a><br \/><a style=\"font-size: 15px; background-color: #ffffff;\" href=\"http:\/\/casther.com\/web\/wp-content\/uploads\/2024\/07\/FT-Tonal-Mate-Colores.pdf\" target=\"_blank\" rel=\"noopener\">FT &#8211; Tonal &#8211; Mate &#8211; Colores<\/a><br \/><a style=\"font-size: 15px; background-color: #ffffff;\" href=\"http:\/\/casther.com\/web\/wp-content\/uploads\/2024\/07\/FT-Tonal-Colores.pdf\" target=\"_blank\" rel=\"noopener\">FT &#8211; Tonal &#8211; Colores<\/a><br \/><a style=\"font-size: 15px; background-color: #ffffff;\" href=\"http:\/\/casther.com\/web\/wp-content\/uploads\/2025\/03\/FT-Traficas.pdf\" target=\"_blank\" rel=\"noopener\">FT &#8211; Tr\u00e1ficas<\/a><b style=\"font-style: inherit;\">\u00a0<\/b><\/p><p><b>\u00a0<\/b><\/p><p><b>\u00a0<\/b><\/p><p><b>\u00a0<\/b><\/p><p><b>\u00a0<\/b><\/p><p><b>\u00a0<\/b><\/p><p><b>Hojas de Seguridad<br \/><\/b><br \/><a href=\"http:\/\/casther.com\/web\/wp-content\/uploads\/2023\/06\/HSM-Barniz-Alquidalico-Casther.pdf\" target=\"_blank\" rel=\"noopener\">HSM Barniz Alquid\u00e1lico Casther<\/a><br \/><a href=\"http:\/\/casther.com\/web\/wp-content\/uploads\/2023\/06\/HSM-Diluyente-GN.pdf\" target=\"_blank\" rel=\"noopener\">HSM Diluyente GN<\/a><br \/><a href=\"http:\/\/casther.com\/web\/wp-content\/uploads\/2023\/06\/HSM-Disolvente-800.pdf\" target=\"_blank\" rel=\"noopener\">HSM Disolvente 800<\/a><br \/><a href=\"http:\/\/casther.com\/web\/wp-content\/uploads\/2023\/06\/HSM-Disolvente-809.pdf\" target=\"_blank\" rel=\"noopener\">HSM Disolvente 809<\/a><br \/><a href=\"http:\/\/casther.com\/web\/wp-content\/uploads\/2023\/06\/HSM-Esmalte-Casther.pdf\" target=\"_blank\" rel=\"noopener\">HSM Esmalte Casther<\/a><br \/><a href=\"http:\/\/casther.com\/web\/wp-content\/uploads\/2023\/06\/HSM-Esmalte-SR-Amarillo-Oxido.pdf\" target=\"_blank\" rel=\"noopener\">HSM Esmalte SR Amarillo \u00d3xido<\/a><br \/><a href=\"http:\/\/casther.com\/web\/wp-content\/uploads\/2023\/06\/HSM-Esmalte-SR-Azul.pdf\" target=\"_blank\" rel=\"noopener\">HSM Esmalte SR Azul<\/a><br \/><a href=\"http:\/\/casther.com\/web\/wp-content\/uploads\/2023\/06\/HSM-Esmalte-SR-Azul-Holandes.pdf\" target=\"_blank\" rel=\"noopener\">HSM Esmalte SR Azul Holand\u00e9s<\/a><br \/><a href=\"http:\/\/casther.com\/web\/wp-content\/uploads\/2023\/06\/HSM-Esmalte-SR-Blanco.pdf\" target=\"_blank\" rel=\"noopener\">HSM Esmalte SR Blanco<\/a><br \/><a href=\"http:\/\/casther.com\/web\/wp-content\/uploads\/2023\/06\/HSM-Esmalte-SR-Gris-Claro.pdf\" target=\"_blank\" rel=\"noopener\">HSM Esmalte SR Gris Claro<\/a><br \/><a href=\"http:\/\/casther.com\/web\/wp-content\/uploads\/2023\/06\/HSM-Esmalte-SR-Negro.pdf\" target=\"_blank\" rel=\"noopener\">HSM Esmalte SR Negro<\/a><br \/><a href=\"http:\/\/casther.com\/web\/wp-content\/uploads\/2023\/06\/HSM-Esmalte-SR-Rojo-Oxido.pdf\" target=\"_blank\" rel=\"noopener\">HSM Esmalte SR Rojo \u00d3xido<\/a><br \/><a href=\"http:\/\/casther.com\/web\/wp-content\/uploads\/2023\/06\/HSM-Fondo-Anticorrosivo-Casther.pdf\" target=\"_blank\" rel=\"noopener\">HSM Fondo Anticorrosivo Casther<\/a><br \/><a href=\"http:\/\/casther.com\/web\/wp-content\/uploads\/2023\/06\/HSM-Fondo-para-Muros.pdf\" target=\"_blank\" rel=\"noopener\">HSM Fondo Para Muros<\/a><br \/><a style=\"font-size: 15px; font-style: normal; font-weight: 400; background-color: #ffffff;\" href=\"http:\/\/casther.com\/web\/wp-content\/uploads\/2023\/06\/HSM-Impercasther-3A-Blanco.pdf\" target=\"_blank\" rel=\"noopener\">HSM ImperCasther 3A Blanco<\/a><br \/><a style=\"font-size: 15px; font-style: normal; font-weight: 400; background-color: #ffffff;\" href=\"http:\/\/casther.com\/web\/wp-content\/uploads\/2023\/06\/HSM-Impercasther-3A-Rojo-Oxido.pdf\" target=\"_blank\" rel=\"noopener\">HSM ImperCasther 3A Rojo \u00d3xido<\/a><br \/><a style=\"font-size: 15px; font-style: normal; font-weight: 400; background-color: #ffffff;\" href=\"http:\/\/casther.com\/web\/wp-content\/uploads\/2023\/06\/HSM-Impercasther-3A-Verde.pdf\" target=\"_blank\" rel=\"noopener\">HSM ImperCasther 3A Verde<\/a><br \/><a style=\"font-size: 15px; font-style: normal; font-weight: 400; background-color: #ffffff;\" href=\"http:\/\/casther.com\/web\/wp-content\/uploads\/2023\/06\/HSM-Impercasther-5A-Blanco.pdf\" target=\"_blank\" rel=\"noopener\">HSM ImperCasther 5A Blanco<\/a><br \/><a style=\"font-size: 15px; font-style: normal; font-weight: 400; background-color: #ffffff;\" href=\"http:\/\/casther.com\/web\/wp-content\/uploads\/2023\/06\/HSM-Impercasther-5A-Rojo-Oxido.pdf\" target=\"_blank\" rel=\"noopener\">HSM ImperCasther 5A Rojo \u00d3xido<\/a><br \/><a style=\"font-size: 15px; font-style: normal; font-weight: 400; background-color: #ffffff;\" href=\"http:\/\/casther.com\/web\/wp-content\/uploads\/2023\/06\/HSM-Impercasther-5A-Verde.pdf\" target=\"_blank\" rel=\"noopener\">HSM ImperCasther 5A Verde<\/a><br \/><a style=\"font-size: 15px; font-style: normal; font-weight: 400; background-color: #ffffff;\" href=\"http:\/\/casther.com\/web\/wp-content\/uploads\/2023\/06\/HSM-PIMECA-Aluminio.pdf\" target=\"_blank\" rel=\"noopener\">HSM PIMECA Aluminio<\/a><br \/><a style=\"font-size: 15px; font-style: normal; font-weight: 400; background-color: #ffffff;\" href=\"http:\/\/casther.com\/web\/wp-content\/uploads\/2023\/06\/HSM-PIMECA-Cobre.pdf\" target=\"_blank\" rel=\"noopener\">HSM PIMECA Cobre<\/a><br \/><a style=\"font-size: 15px; font-style: normal; font-weight: 400; background-color: #ffffff;\" href=\"http:\/\/casther.com\/web\/wp-content\/uploads\/2023\/06\/HSM-PIMECA-Oro-Palido.pdf\" target=\"_blank\" rel=\"noopener\">HSM PIMECA Oro P\u00e1lido<\/a><br \/><a style=\"font-size: 15px; font-style: normal; font-weight: 400; background-color: #ffffff;\" href=\"http:\/\/casther.com\/web\/wp-content\/uploads\/2023\/06\/HSM-PIMECA-Oro-Rico.pdf\" target=\"_blank\" rel=\"noopener\">HSM PIMECA Oro Rico<\/a><br \/><a style=\"font-size: 15px; font-style: normal; font-weight: 400; background-color: #ffffff;\" href=\"http:\/\/casther.com\/web\/wp-content\/uploads\/2023\/06\/HSM-Sella-Casther.pdf\" target=\"_blank\" rel=\"noopener\">HSM Sella Casther<\/a><br \/><a style=\"font-size: 15px; font-style: normal; font-weight: 400; background-color: #ffffff;\" href=\"http:\/\/casther.com\/web\/wp-content\/uploads\/2023\/06\/HSM-Traficas-Azul.pdf\" target=\"_blank\" rel=\"noopener\">HSM Tr\u00e1ficas Azul<\/a><br \/><a style=\"font-size: 15px; font-style: normal; font-weight: 400; background-color: #ffffff;\" href=\"http:\/\/casther.com\/web\/wp-content\/uploads\/2023\/06\/HSM-Traficas-Blanco.pdf\" target=\"_blank\" rel=\"noopener\">HSM Tr\u00e1ficas Blanco<\/a><br \/><a href=\"http:\/\/casther.com\/web\/wp-content\/uploads\/2023\/06\/HSM-Traficas-Gris-Claro.pdf\" target=\"_blank\" rel=\"noopener\">HSM Tr\u00e1ficas Gris Claro<\/a><br \/><a href=\"http:\/\/casther.com\/web\/wp-content\/uploads\/2023\/06\/HSM-Traficas-Negro.pdf\" target=\"_blank\" rel=\"noopener\">HSM Tr\u00e1ficas Negro<\/a><br \/><a href=\"http:\/\/casther.com\/web\/wp-content\/uploads\/2023\/06\/HSM-Traficas-Rojo-Brillante.pdf\" target=\"_blank\" rel=\"noopener\">HSM Tr\u00e1ficas Rojo Brillante<\/a><br \/><a href=\"http:\/\/casther.com\/web\/wp-content\/uploads\/2023\/06\/HSM-Traficas-Rojo-Oxido.pdf\" target=\"_blank\" rel=\"noopener\">HSM Tr\u00e1ficas Rojo \u00d3xido<\/a><br \/><a href=\"http:\/\/casther.com\/web\/wp-content\/uploads\/2023\/06\/HSM-Vinilica-Acrilica-Tonal.pdf\" target=\"_blank\" rel=\"noopener\">HSM Vin\u00edlica Acr\u00edlica Tonal<\/a><br \/><a href=\"http:\/\/casther.com\/web\/wp-content\/uploads\/2023\/06\/HSM-Vinilica-Plastica-Lait.pdf\" target=\"_blank\" rel=\"noopener\">HSM Vin\u00edlica Pl\u00e1stica Lait<\/a><br \/><a href=\"http:\/\/casther.com\/web\/wp-content\/uploads\/2023\/06\/HSM-Vinilica-Plastica-Niva.pdf\" target=\"_blank\" rel=\"noopener\">HSM Vin\u00edlica Pl\u00e1stica NIva<\/a><\/p>\t\t\t\t\t\t<\/div>\n\t\t\t\t<\/div>\n\t\t\t\t\t<\/div>\n\t\t<\/div>\n\t\t\t\t\t<\/div>\n\t\t<\/section>\n\t\t\t\t<\/div>\n\t\t","protected":false},"excerpt":{"rendered":"<p>Fichas T\u00e9cnicasFT &#8211; Barniz Alquid\u00e1lico &#8211; BrillanteFT &#8211; EpoxicastFT &#8211; Esmalte Alquid\u00e1lico &#8211; MateFT &#8211; Esmalte Alquid\u00e1lico &#8211; BlancoFT &#8211; Esmalte Alquid\u00e1lico &#8211; ColoresFT &#8211; Esmalte Base Agua Aigua DuoFT &#8211; Esmalte para Galvanizado\u00a0FT &#8211; Esmalte SRFT &#8211; Fondo AnticorrosivoFT &#8211; ImperCasther 3AFT &#8211; ImperCasther PlusFT &#8211; Impercasther 15 a\u00f1osFT &#8211; Banda Impermeabilizante ImpercastherFT &#8211; [&hellip;]<\/p>\n","protected":false},"author":1,"featured_media":0,"parent":0,"menu_order":0,"comment_status":"closed","ping_status":"closed","template":"","meta":{"site-sidebar-layout":"no-sidebar","site-content-layout":"page-builder","ast-site-content-layout":"full-width-container","site-content-style":"unboxed","site-sidebar-style":"unboxed","ast-global-header-display":"","ast-banner-title-visibility":"","ast-main-header-display":"","ast-hfb-above-header-display":"","ast-hfb-below-header-display":"","ast-hfb-mobile-header-display":"","site-post-title":"disabled","ast-breadcrumbs-content":"","ast-featured-img":"disabled","footer-sml-layout":"","ast-disable-related-posts":"","theme-transparent-header-meta":"default","adv-header-id-meta":"","stick-header-meta":"","header-above-stick-meta":"","header-main-stick-meta":"","header-below-stick-meta":"","astra-migrate-meta-layouts":"set","ast-page-background-enabled":"default","ast-page-background-meta":{"desktop":{"background-color":"","background-image":"","background-repeat":"repeat","background-position":"center center","background-size":"auto","background-attachment":"scroll","background-type":"","background-media":"","overlay-type":"","overlay-color":"","overlay-opacity":"","overlay-gradient":""},"tablet":{"background-color":"","background-image":"","background-repeat":"repeat","background-position":"center center","background-size":"auto","background-attachment":"scroll","background-type":"","background-media":"","overlay-type":"","overlay-color":"","overlay-opacity":"","overlay-gradient":""},"mobile":{"background-color":"","background-image":"","background-repeat":"repeat","background-position":"center center","background-size":"auto","background-attachment":"scroll","background-type":"","background-media":"","overlay-type":"","overlay-color":"","overlay-opacity":"","overlay-gradient":""}},"ast-content-background-meta":{"desktop":{"background-color":"var(--ast-global-color-5)","background-image":"","background-repeat":"repeat","background-position":"center center","background-size":"auto","background-attachment":"scroll","background-type":"","background-media":"","overlay-type":"","overlay-color":"","overlay-opacity":"","overlay-gradient":""},"tablet":{"background-color":"var(--ast-global-color-5)","background-image":"","background-repeat":"repeat","background-position":"center center","background-size":"auto","background-attachment":"scroll","background-type":"","background-media":"","overlay-type":"","overlay-color":"","overlay-opacity":"","overlay-gradient":""},"mobile":{"background-color":"var(--ast-global-color-5)","background-image":"","background-repeat":"repeat","background-position":"center center","background-size":"auto","background-attachment":"scroll","background-type":"","background-media":"","overlay-type":"","overlay-color":"","overlay-opacity":"","overlay-gradient":""}},"footnotes":""},"class_list":["post-2555","page","type-page","status-publish","hentry"],"_links":{"self":[{"href":"https:\/\/casther.com\/web\/wp-json\/wp\/v2\/pages\/2555"}],"collection":[{"href":"https:\/\/casther.com\/web\/wp-json\/wp\/v2\/pages"}],"about":[{"href":"https:\/\/casther.com\/web\/wp-json\/wp\/v2\/types\/page"}],"author":[{"embeddable":true,"href":"https:\/\/casther.com\/web\/wp-json\/wp\/v2\/users\/1"}],"replies":[{"embeddable":true,"href":"https:\/\/casther.com\/web\/wp-json\/wp\/v2\/comments?post=2555"}],"version-history":[{"count":209,"href":"https:\/\/casther.com\/web\/wp-json\/wp\/v2\/pages\/2555\/revisions"}],"predecessor-version":[{"id":2912,"href":"https:\/\/casther.com\/web\/wp-json\/wp\/v2\/pages\/2555\/revisions\/2912"}],"wp:attachment":[{"href":"https:\/\/casther.com\/web\/wp-json\/wp\/v2\/media?parent=2555"}],"curies":[{"name":"wp","href":"https:\/\/api.w.org\/{rel}","templated":true}]}}