{"id":2208,"date":"2020-10-20T02:04:49","date_gmt":"2020-10-20T02:04:49","guid":{"rendered":"http:\/\/casther.com\/web\/?page_id=2208"},"modified":"2020-11-05T22:14:52","modified_gmt":"2020-11-05T22:14:52","slug":"aviso-de-privacidad","status":"publish","type":"page","link":"https:\/\/casther.com\/web\/aviso-de-privacidad\/","title":{"rendered":"Aviso de privacidad"},"content":{"rendered":"\t\t<div data-elementor-type=\"wp-page\" data-elementor-id=\"2208\" class=\"elementor elementor-2208\" data-elementor-post-type=\"page\">\n\t\t\t\t\t\t<section class=\"elementor-section elementor-top-section elementor-element elementor-element-4577b63 elementor-section-boxed elementor-section-height-default elementor-section-height-default\" data-id=\"4577b63\" data-element_type=\"section\" data-settings=\"{&quot;background_background&quot;:&quot;classic&quot;}\">\n\t\t\t\t\t\t<div class=\"elementor-container elementor-column-gap-default\">\n\t\t\t\t\t<div class=\"elementor-column elementor-col-100 elementor-top-column elementor-element elementor-element-0d45a43\" data-id=\"0d45a43\" data-element_type=\"column\">\n\t\t\t<div class=\"elementor-widget-wrap elementor-element-populated\">\n\t\t\t\t\t\t<div class=\"elementor-element elementor-element-e6ac316 elementor-widget elementor-widget-image\" data-id=\"e6ac316\" data-element_type=\"widget\" data-widget_type=\"image.default\">\n\t\t\t\t<div class=\"elementor-widget-container\">\n\t\t\t\t\t\t\t\t\t\t\t\t\t<img fetchpriority=\"high\" decoding=\"async\" width=\"700\" height=\"150\" src=\"https:\/\/casther.com\/web\/wp-content\/uploads\/2020\/11\/aviso_privacidad_naranja_FINAL.jpg\" class=\"attachment-large size-large wp-image-2320\" alt=\"\" srcset=\"https:\/\/casther.com\/web\/wp-content\/uploads\/2020\/11\/aviso_privacidad_naranja_FINAL.jpg 700w, https:\/\/casther.com\/web\/wp-content\/uploads\/2020\/11\/aviso_privacidad_naranja_FINAL-300x64.jpg 300w, https:\/\/casther.com\/web\/wp-content\/uploads\/2020\/11\/aviso_privacidad_naranja_FINAL-600x129.jpg 600w\" sizes=\"(max-width: 700px) 100vw, 700px\" \/>\t\t\t\t\t\t\t\t\t\t\t\t\t<\/div>\n\t\t\t\t<\/div>\n\t\t\t\t\t<\/div>\n\t\t<\/div>\n\t\t\t\t\t<\/div>\n\t\t<\/section>\n\t\t\t\t<section class=\"elementor-section elementor-top-section elementor-element elementor-element-52c514f elementor-section-boxed elementor-section-height-default elementor-section-height-default\" data-id=\"52c514f\" data-element_type=\"section\">\n\t\t\t\t\t\t<div class=\"elementor-container elementor-column-gap-default\">\n\t\t\t\t\t<div class=\"elementor-column elementor-col-100 elementor-top-column elementor-element elementor-element-b44183c\" data-id=\"b44183c\" data-element_type=\"column\">\n\t\t\t<div class=\"elementor-widget-wrap elementor-element-populated\">\n\t\t\t\t\t\t<div class=\"elementor-element elementor-element-576575a elementor-widget elementor-widget-heading\" data-id=\"576575a\" data-element_type=\"widget\" data-widget_type=\"heading.default\">\n\t\t\t\t<div class=\"elementor-widget-container\">\n\t\t\t<h2 class=\"elementor-heading-title elementor-size-default\">Aviso de privacidad<\/h2>\t\t<\/div>\n\t\t\t\t<\/div>\n\t\t\t\t<div class=\"elementor-element elementor-element-1a0a3f2 elementor-widget elementor-widget-text-editor\" data-id=\"1a0a3f2\" data-element_type=\"widget\" data-widget_type=\"text-editor.default\">\n\t\t\t\t<div class=\"elementor-widget-container\">\n\t\t\t\t\t\t\t<p>AVISO DE PRIVACIDAD PINTURAS CASTHER S.A. DE C.V. quien para los efectos del presente Aviso de Privacidad se denominar\u00e1 \u201cCasther\u201d, con domicilio en Avenida Revoluci\u00f3n 2580, colonia Prados del Nilo, en Guadalajara, Jalisco, M\u00e9xico, C. P. 44840, le informamos que en cumplimiento a lo dispuesto en la Ley Federal de Protecci\u00f3n de Datos Personales en Posesi\u00f3n de los Particulares (mencionada en lo sucesivo como: Ley), la informaci\u00f3n o datos personales que nos proporcione con motivo de la relaci\u00f3n que usted tenga con \u201cCasther\u201d, ser\u00e1n protegidos y tratados de conformidad con los principios de privacidad previstos por la propia Ley y en atenci\u00f3n a los t\u00e9rminos establecidos en el presente Aviso de Privacidad. Para las finalidades se\u00f1aladas en este Aviso de Privacidad, podemos recabar sus datos personales de distintas formas: cuando usted nos los proporciona directamente, cuando visita nuestro sitio de internet o utiliza nuestros servicios en l\u00ednea y cuando obtenemos informaci\u00f3n a trav\u00e9s de otras fuentes que est\u00e1n permitidas por la Ley.<\/p><p>I. FINALIDADES DEL TRATAMIENTO DE DATOS, DATOS PERSONALES RECABADOS Y DATOS PERSONALES SENSIBLES. El tratamiento de los datos personales de nuestros Clientes y Distribuidores Autorizados, Candidatos a empleo y Empleados, Proveedores y Visitantes se efectuar\u00e1 atendiendo a la naturaleza de la relaci\u00f3n existente con \u201cCasther\u201d y se har\u00e1 bajo las siguientes finalidades:<\/p><p>a) CLIENTES Y DISTRIBUIDORES AUTORIZADOS: Los datos personales tratados tendr\u00e1n como finalidades: Para dar cumplimiento a todas las obligaciones y derechos contra\u00eddos entre las partes, dar de alta en todos nuestros sistemas internos de trabajo que nos permitan la organizaci\u00f3n y planeaci\u00f3n de las operaciones entre las partes, realizar investigaciones socioecon\u00f3micas para otorgamiento de cr\u00e9ditos y\/o para el otorgamiento de Distribuciones, realizar facturaci\u00f3n y cobranza, actualizaci\u00f3n de datos, para dar referencias comerciales a terceros vinculados con la relaci\u00f3n contractual, realizar encuestas de satisfacci\u00f3n para evaluar la calidad de nuestros productos y servicios, atender quejas y reclamaciones y para hacer cumplir las obligaciones derivadas de la relaci\u00f3n jur\u00eddica o contractual entre el titular de los datos personales y \u201cCasther\u201d. Para lograr las finalidades expuestas anteriormente, es necesario el tratamiento de datos personales de identificaci\u00f3n y contacto tales como: Nombre, domicilio fiscal, domicilio de cobranza, domicilio de recepci\u00f3n de mercanc\u00edas, Clave \u00danica de Registro de Poblaci\u00f3n, Registro Federal de Contribuyentes, representante legal cuando aplique, tel\u00e9fono personal, de oficina y celular, correo electr\u00f3nico, y los dem\u00e1s datos necesarios exigidos por las disposiciones fiscales para la emisi\u00f3n de facturas. El uso de los datos personales para finalidades que no dieron origen ni son necesarias para la relaci\u00f3n jur\u00eddica entre las partes, como encuestas referentes a calidad, mercadotecnia, informaci\u00f3n de nuevos productos o publicidad, estar\u00e1 limitado a datos como nombre, domicilios, correo electr\u00f3nico y tel\u00e9fonos. Informamos que para poder cumplir con las finalidades descritas con nuestros Clientes o Distribuidores Autorizados pueden ser recabados algunos Datos Personales Sensibles como los referidos a su situaci\u00f3n financiera, cuentas bancarias, ingresos, egresos, bienes muebles e inmuebles de su propiedad con el fin de otorgar cr\u00e9ditos o autorizaci\u00f3n de Distribuciones. Nos comprometemos a que los mismos ser\u00e1n tratados bajo estrictas medidas de seguridad, siempre garantizando su confidencialidad.<\/p><p>b) CANDIDATOS A EMPLEO Y EMPLEADOS: Los datos personales tratados tendr\u00e1n como finalidades: La realizaci\u00f3n del proceso de reclutamiento, selecci\u00f3n, y contrataci\u00f3n laboral, incluida la solicitud de referencias laborales en empleos anteriores de los candidatos a empleo y la elaboraci\u00f3n de an\u00e1lisis m\u00e9dicos, psicom\u00e9tricos y socioecon\u00f3micos necesarios durante el proceso de reclutamiento, selecci\u00f3n y contrataci\u00f3n de personal. Integraci\u00f3n del expediente laboral. Cumplimiento de las obligaciones de Seguridad Social, Fiscal, laborales, responsabilidad civil y similares. Requerimientos judiciales para el cumplimiento de las obligaciones familiares contra\u00eddas por el empleado. Proporcionar referencias laborales cuando un tercero solicite informes relacionados con el desempe\u00f1o laboral como posible candidato a ocupar un puesto de trabajo, y para hacer cumplir las obligaciones derivadas de la relaci\u00f3n jur\u00eddica o contractual entre el titular de los datos personales y \u201cCasther\u201d. Para lograr las finalidades expuestas anteriormente, es necesario el tratamiento de datos personales de identificaci\u00f3n y contacto tales como: Nombre, domicilio particular, Clave \u00danica de Registro de Poblaci\u00f3n, Registro Federal de Contribuyentes, estado civil, tel\u00e9fono personal y celular, correo electr\u00f3nico, nivel de estudios, y los dem\u00e1s datos necesarios que permitan la valoraci\u00f3n para la contrataci\u00f3n en los puestos de trabajo en las etapas del proceso de reclutamiento, selecci\u00f3n y contrataci\u00f3n, adem\u00e1s de los exigidos por las disposiciones laborales, fiscales y de seguridad social necesarios para la relaci\u00f3n laboral. Informamos que para poder cumplir con las finalidades descritas con nuestros Candidatos a empleo y empleados, pueden ser recabados algunos Datos Personales Sensibles como los referidos a su estado de salud que resulte de las pruebas m\u00e9dicas que se apliquen durante el proceso de reclutamiento, selecci\u00f3n o contrataci\u00f3n, filiaci\u00f3n partidista, sindical o religiosa. Nos comprometemos a que los mismos ser\u00e1n tratados bajo medidas de seguridad, siempre garantizando su confidencialidad.<\/p><p>c) PROVEEDORES: Los datos personales tratados tendr\u00e1n como finalidades para la relaci\u00f3n jur\u00eddica con \u201cCasther\u201d: Mantener actualizado nuestro sistema interno de manejo de proveedores, dar seguimiento a servicios o productos adquiridos y para hacer cumplir las obligaciones derivadas de la relaci\u00f3n jur\u00eddica o contractual entre el titular de los datos personales y \u201cCasther\u201d. Para alcanzar las finalidades expuestas anteriormente, ser\u00e1n tratados datos personales como Nombre de proveedor, nombres de contactos, tel\u00e9fonos, correo electr\u00f3nico, domicilio personal, Clave \u00danica de Registro de Poblaci\u00f3n, Registro Federal de Contribuyentes, productos y servicios prove\u00eddos, datos financieros, bancarios y patrimoniales necesarios para la relaci\u00f3n comercial entre el proveedor y \u201cCasther\u201d.<\/p><p>d) VISITANTES: Los datos personales tendr\u00e1n como finalidad la de llevar el registro y control de entradas y salidas en las instalaciones de \u201cCasther\u201d, con el objeto de conservar la seguridad de trabajadores, visitantes y bienes muebles e inmuebles. Para el logro de las finalidades mencionadas anteriormente se tratar\u00e1n como datos personales el nombre completo, empresa, persona que visita y motivo de la visita. A los visitantes en la p\u00e1gina de internet de \u201cCasther\u201d, se tratar\u00e1n sus datos personales con la finalidad de brindarle soporte t\u00e9cnico, llevar control en nuestros sistemas internos y obtener informaci\u00f3n de sus h\u00e1bitos de navegaci\u00f3n. Para lograr las finalidades expuestas anteriormente se tratar\u00e1n los siguientes datos personales: Su direcci\u00f3n IP y los v\u00ednculos que sigue.<\/p><p>II. LIMITACION DEL USO Y DIVULGACION DE DATOS Y REVOCACION DE CONSENTIMIENTO. Usted puede dejar de recibir mensajes promocionales por tel\u00e9fono fijo o celular, correos postales publicitarios siguiendo el procedimiento descrito en la secci\u00f3n III de este Aviso de Privacidad. Uso de \u201ccookies\u201d y \u201cweb beacons\u201d. Las \u201ccookies\u201d son archivos de texto que son descargados autom\u00e1ticamente y almacenados en el disco duro del equipo de c\u00f3mputo del usuario al navegar en una p\u00e1gina de internet espec\u00edfica, que permiten recordar al servidor de internet algunos datos sobre este usuario, entre ellos, sus preferencias para la visualizaci\u00f3n de la p\u00e1gina de internet en ese servidor, nombre y contrase\u00f1a. Por su parte, las \u201cweb beacons\u201d son im\u00e1genes insertadas en una p\u00e1gina de internet o correo electr\u00f3nico, que puede ser utilizado para monitorear el comportamiento de un visitante, como almacenar informaci\u00f3n sobre la direcci\u00f3n IP del usuario, duraci\u00f3n del tiempo de interacci\u00f3n en dicha p\u00e1gina y el tipo de navegador utilizado, entre otros. Le informamos que utilizamos \u201ccookies\u201d y \u201cweb beacons\u201d para obtener informaci\u00f3n personal de usted, como la siguiente: Los v\u00ednculos que sigue y la direcci\u00f3n IP. Estas \u201ccookies\u201d y otras tecnolog\u00edas pueden ser deshabilitadas. Para conocer c\u00f3mo hacerlo consulte el men\u00fa de ayuda de su navegador. Tenga en cuenta que, si desactiva las \u201ccookies\u201d, es posible que no pueda acceder a ciertas funciones personalizadas en nuestra p\u00e1gina de internet. Informamos a los titulares de los datos personales que \u00e9stos ser\u00e1n utilizados \u00fanicamente para el cumplimiento de las finalidades descritas en el presente Aviso de Privacidad, en el caso que \u201cCasther\u201d necesitara utilizar los datos personales del titular para fines distintos, \u201cCasther\u201d se compromete a recabar por anticipado y por escrito su consentimiento, inform\u00e1ndole los datos y el uso que se desea hacer con los mismos. Este consentimiento para el tratamiento de datos no ser\u00e1 necesario en los casos se\u00f1alados en el Art\u00edculo 10 de La Ley.<\/p><p>III. EJERCICIO DE LOS DERECHOS DE ACCESO, RECTIFICACI\u00d3N, CANCELACI\u00d3N U OPOSICION (ARCO). Usted tiene el derecho de acceder a sus datos personales que poseemos y a los detalles del tratamiento de los mismos, as\u00ed como a rectificarlos en caso de ser inexactos o instruirnos para cancelarlos cuando considere que resulten ser excesivos o innecesarios para las finalidades que justificaron su obtenci\u00f3n u oponerse al tratamiento de los mismos para fines espec\u00edficos. Para ello, es necesario que presente su petici\u00f3n a trav\u00e9s de la siguiente direcci\u00f3n electr\u00f3nica: <strong><a href=\"mailto:datospersonales@casther.com\">datospersonales@casther.com<\/a><\/strong>. Su petici\u00f3n debe ir dirigida a: \u201cResponsable de datos personales\u201d y acompa\u00f1ada de la siguiente informaci\u00f3n: Descripci\u00f3n clara y precisa de los datos personales de los que busca ejercer alguno de los Derechos ARCO y su justificaci\u00f3n, nombre, domicilio, correo electr\u00f3nico, copia del documento oficial que acredite su identidad (IFE, pasaporte u otra identificaci\u00f3n oficial), datos que nos permitan localizar sus datos personales y en el caso de modificaci\u00f3n a los datos personales adjuntar los documentos que justifiquen dicha modificaci\u00f3n. En un plazo m\u00e1ximo de 15 d\u00edas h\u00e1biles atenderemos su petici\u00f3n y le informaremos sobre la procedencia de la misma a trav\u00e9s del correo electr\u00f3nico que nos proporcione. El responsable de los datos personales podr\u00e1 negar el acceso para que usted ejerza los derechos ARCO, o bien la revocaci\u00f3n de consentimiento en los supuestos que permita la Ley y su Reglamento, pero le deber\u00e1 informar a usted el motivo de tal decisi\u00f3n.<\/p><p>IV. TRANSFERENCIAS DE DATOS. Informamos que \u201cCasther\u201d no transferir\u00e1 sus datos personales a terceros, salvo los casos establecidos en el art\u00edculo 37 de la Ley. Si por cualquier motivo distinto a las excepciones establecidas en el art\u00edculo mencionado, necesit\u00e1ramos efectuar la transferencia de sus datos a terceros, nos comprometemos a recabar por escrito y anticipadamente, su consentimiento o negativa a dicha transferencia de datos.<\/p><p>V. CAMBIOS AL AVISO DE PRIVACIDAD. Nos reservamos el derecho de efectuar en cualquier momento modificaciones o actualizaciones al presente Aviso de Privacidad, para la atenci\u00f3n de novedades legislativas, pol\u00edticas internas o nuevos requerimientos para la prestaci\u00f3n y ofrecimiento de nuestros servicios o productos. Estas modificaciones estar\u00e1n disponibles al p\u00fablico en nuestra p\u00e1gina de internet www.casther.com<\/p><p>Fecha de \u00faltima modificaci\u00f3n: 05 de julio de 2013.<\/p>\t\t\t\t\t\t<\/div>\n\t\t\t\t<\/div>\n\t\t\t\t\t<\/div>\n\t\t<\/div>\n\t\t\t\t\t<\/div>\n\t\t<\/section>\n\t\t\t\t<\/div>\n\t\t","protected":false},"excerpt":{"rendered":"<p>Aviso de privacidad AVISO DE PRIVACIDAD PINTURAS CASTHER S.A. DE C.V. quien para los efectos del presente Aviso de Privacidad se denominar\u00e1 \u201cCasther\u201d, con domicilio en Avenida Revoluci\u00f3n 2580, colonia Prados del Nilo, en Guadalajara, Jalisco, M\u00e9xico, C. P. 44840, le informamos que en cumplimiento a lo dispuesto en la Ley Federal de Protecci\u00f3n de [&hellip;]<\/p>\n","protected":false},"author":1,"featured_media":0,"parent":0,"menu_order":0,"comment_status":"closed","ping_status":"closed","template":"","meta":{"site-sidebar-layout":"no-sidebar","site-content-layout":"page-builder","ast-site-content-layout":"default","site-content-style":"default","site-sidebar-style":"default","ast-global-header-display":"","ast-banner-title-visibility":"","ast-main-header-display":"","ast-hfb-above-header-display":"","ast-hfb-below-header-display":"","ast-hfb-mobile-header-display":"","site-post-title":"disabled","ast-breadcrumbs-content":"","ast-featured-img":"disabled","footer-sml-layout":"","ast-disable-related-posts":"","theme-transparent-header-meta":"default","adv-header-id-meta":"","stick-header-meta":"","header-above-stick-meta":"","header-main-stick-meta":"","header-below-stick-meta":"","astra-migrate-meta-layouts":"default","ast-page-background-enabled":"default","ast-page-background-meta":{"desktop":{"background-color":"","background-image":"","background-repeat":"repeat","background-position":"center center","background-size":"auto","background-attachment":"scroll","background-type":"","background-media":"","overlay-type":"","overlay-color":"","overlay-opacity":"","overlay-gradient":""},"tablet":{"background-color":"","background-image":"","background-repeat":"repeat","background-position":"center center","background-size":"auto","background-attachment":"scroll","background-type":"","background-media":"","overlay-type":"","overlay-color":"","overlay-opacity":"","overlay-gradient":""},"mobile":{"background-color":"","background-image":"","background-repeat":"repeat","background-position":"center center","background-size":"auto","background-attachment":"scroll","background-type":"","background-media":"","overlay-type":"","overlay-color":"","overlay-opacity":"","overlay-gradient":""}},"ast-content-background-meta":{"desktop":{"background-color":"var(--ast-global-color-5)","background-image":"","background-repeat":"repeat","background-position":"center center","background-size":"auto","background-attachment":"scroll","background-type":"","background-media":"","overlay-type":"","overlay-color":"","overlay-opacity":"","overlay-gradient":""},"tablet":{"background-color":"var(--ast-global-color-5)","background-image":"","background-repeat":"repeat","background-position":"center center","background-size":"auto","background-attachment":"scroll","background-type":"","background-media":"","overlay-type":"","overlay-color":"","overlay-opacity":"","overlay-gradient":""},"mobile":{"background-color":"var(--ast-global-color-5)","background-image":"","background-repeat":"repeat","background-position":"center center","background-size":"auto","background-attachment":"scroll","background-type":"","background-media":"","overlay-type":"","overlay-color":"","overlay-opacity":"","overlay-gradient":""}},"footnotes":""},"class_list":["post-2208","page","type-page","status-publish","hentry"],"_links":{"self":[{"href":"https:\/\/casther.com\/web\/wp-json\/wp\/v2\/pages\/2208"}],"collection":[{"href":"https:\/\/casther.com\/web\/wp-json\/wp\/v2\/pages"}],"about":[{"href":"https:\/\/casther.com\/web\/wp-json\/wp\/v2\/types\/page"}],"author":[{"embeddable":true,"href":"https:\/\/casther.com\/web\/wp-json\/wp\/v2\/users\/1"}],"replies":[{"embeddable":true,"href":"https:\/\/casther.com\/web\/wp-json\/wp\/v2\/comments?post=2208"}],"version-history":[{"count":8,"href":"https:\/\/casther.com\/web\/wp-json\/wp\/v2\/pages\/2208\/revisions"}],"predecessor-version":[{"id":2336,"href":"https:\/\/casther.com\/web\/wp-json\/wp\/v2\/pages\/2208\/revisions\/2336"}],"wp:attachment":[{"href":"https:\/\/casther.com\/web\/wp-json\/wp\/v2\/media?parent=2208"}],"curies":[{"name":"wp","href":"https:\/\/api.w.org\/{rel}","templated":true}]}}