{"id":1965,"date":"2020-10-16T12:39:48","date_gmt":"2020-10-16T12:39:48","guid":{"rendered":"http:\/\/casther.com\/web\/?page_id=1965"},"modified":"2020-11-05T22:20:49","modified_gmt":"2020-11-05T22:20:49","slug":"hagalo-usted-mismo-recomendaciones","status":"publish","type":"page","link":"https:\/\/casther.com\/web\/hagalo-usted-mismo-recomendaciones\/","title":{"rendered":"Hagalo usted mismo &#8211; Recomendaciones"},"content":{"rendered":"\t\t<div data-elementor-type=\"wp-page\" data-elementor-id=\"1965\" class=\"elementor elementor-1965\" data-elementor-post-type=\"page\">\n\t\t\t\t\t\t<section class=\"elementor-section elementor-top-section elementor-element elementor-element-16fce50 elementor-section-boxed elementor-section-height-default elementor-section-height-default\" data-id=\"16fce50\" data-element_type=\"section\" data-settings=\"{&quot;background_background&quot;:&quot;classic&quot;}\">\n\t\t\t\t\t\t<div class=\"elementor-container elementor-column-gap-default\">\n\t\t\t\t\t<div class=\"elementor-column elementor-col-100 elementor-top-column elementor-element elementor-element-71b01c9\" data-id=\"71b01c9\" data-element_type=\"column\">\n\t\t\t<div class=\"elementor-widget-wrap elementor-element-populated\">\n\t\t\t\t\t\t<div class=\"elementor-element elementor-element-ba4935b elementor-widget elementor-widget-image\" data-id=\"ba4935b\" data-element_type=\"widget\" data-widget_type=\"image.default\">\n\t\t\t\t<div class=\"elementor-widget-container\">\n\t\t\t\t\t\t\t\t\t\t\t\t\t<img fetchpriority=\"high\" decoding=\"async\" width=\"700\" height=\"150\" src=\"https:\/\/casther.com\/web\/wp-content\/uploads\/2020\/11\/hagalo_usted_mismo_naranja_FINAL.jpg\" class=\"attachment-large size-large wp-image-2332\" alt=\"\" srcset=\"https:\/\/casther.com\/web\/wp-content\/uploads\/2020\/11\/hagalo_usted_mismo_naranja_FINAL.jpg 700w, https:\/\/casther.com\/web\/wp-content\/uploads\/2020\/11\/hagalo_usted_mismo_naranja_FINAL-300x64.jpg 300w, https:\/\/casther.com\/web\/wp-content\/uploads\/2020\/11\/hagalo_usted_mismo_naranja_FINAL-600x129.jpg 600w\" sizes=\"(max-width: 700px) 100vw, 700px\" \/>\t\t\t\t\t\t\t\t\t\t\t\t\t<\/div>\n\t\t\t\t<\/div>\n\t\t\t\t\t<\/div>\n\t\t<\/div>\n\t\t\t\t\t<\/div>\n\t\t<\/section>\n\t\t\t\t<section class=\"elementor-section elementor-top-section elementor-element elementor-element-2fbf3af elementor-section-boxed elementor-section-height-default elementor-section-height-default\" data-id=\"2fbf3af\" data-element_type=\"section\">\n\t\t\t\t\t\t<div class=\"elementor-container elementor-column-gap-default\">\n\t\t\t\t\t<div class=\"elementor-column elementor-col-100 elementor-top-column elementor-element elementor-element-1c94abd\" data-id=\"1c94abd\" data-element_type=\"column\">\n\t\t\t<div class=\"elementor-widget-wrap elementor-element-populated\">\n\t\t\t\t\t\t<div class=\"elementor-element elementor-element-8ffc116 elementor-widget elementor-widget-heading\" data-id=\"8ffc116\" data-element_type=\"widget\" data-widget_type=\"heading.default\">\n\t\t\t\t<div class=\"elementor-widget-container\">\n\t\t\t<h2 class=\"elementor-heading-title elementor-size-default\">H\u00e1galo usted mismo\n<\/h2>\t\t<\/div>\n\t\t\t\t<\/div>\n\t\t\t\t<div class=\"elementor-element elementor-element-6ba9cff elementor-widget elementor-widget-heading\" data-id=\"6ba9cff\" data-element_type=\"widget\" data-widget_type=\"heading.default\">\n\t\t\t\t<div class=\"elementor-widget-container\">\n\t\t\t<h4 class=\"elementor-heading-title elementor-size-default\">RECOMENDACIONES IMPORTANTES\n\n<\/h4>\t\t<\/div>\n\t\t\t\t<\/div>\n\t\t\t\t<div class=\"elementor-element elementor-element-98e84dd elementor-widget elementor-widget-text-editor\" data-id=\"98e84dd\" data-element_type=\"widget\" data-widget_type=\"text-editor.default\">\n\t\t\t\t<div class=\"elementor-widget-container\">\n\t\t\t\t\t\t\t<p><span style=\"font-size: 15px;\">El trabajo de pintar una superficie con el fin de protegerla o decorarla, no se inicia con la aplicaci\u00f3n de la pintura, sino con una adecuada preparaci\u00f3n de la superficie a pintar.<\/span><\/p><p>Cualquier deficiencia en la preparaci\u00f3n de la superficie a pintar disminuir\u00e1 la capacidad de \u00e9sta para recibir y retener la pintura y afectar\u00e1 la duraci\u00f3n y apariencia del acabado.<\/p><p>Err\u00f3neamente se cree que preparar una superficie antes de pintarla representa un aumento en el costo, pero es importante subrayar que ni la pintura m\u00e1s fina podr\u00e1 demostrar todas las ventajas que ofrece si es aplicada en una superficie mal preparada.<\/p><p>Al preparar adecuadamente la superficie antes de ser pintada reducimos la posibilidad de que se presenten problemas posteriores, se facilitar\u00e1 la aplicaci\u00f3n de la pintura y notaremos mayor rendimiento.<\/p><p>Si prepara adecuadamente la superficie, elija correctamente la pintura que requiere y la aplica con el equipo y la t\u00e9cnica adecuada, conseguir\u00e1 un excelente acabado en apariencia y durabilidad.<br \/><br \/><\/p>\t\t\t\t\t\t<\/div>\n\t\t\t\t<\/div>\n\t\t\t\t<div class=\"elementor-element elementor-element-534a86b elementor-widget elementor-widget-heading\" data-id=\"534a86b\" data-element_type=\"widget\" data-widget_type=\"heading.default\">\n\t\t\t\t<div class=\"elementor-widget-container\">\n\t\t\t<h4 class=\"elementor-heading-title elementor-size-default\">El Clima\n\n\n<\/h4>\t\t<\/div>\n\t\t\t\t<\/div>\n\t\t\t\t<div class=\"elementor-element elementor-element-59c22cc elementor-widget elementor-widget-text-editor\" data-id=\"59c22cc\" data-element_type=\"widget\" data-widget_type=\"text-editor.default\">\n\t\t\t\t<div class=\"elementor-widget-container\">\n\t\t\t\t\t\t\t<p><span style=\"font-size: 15px;\">El clima juega un papel importante en el resultado que obtendr\u00e1 al pintar cualquier superficie. En temporada de lluvias no es recomendable pintar superficies que se encuentren expuestas a la intemperie, ya que \u00e9stas absorben humedad, adem\u00e1s de que la humedad relativa que se encuentra en el medio ambiente puede ser tan elevada que podr\u00eda afectar el recubrimiento aplicado.<\/span><\/p><p>La temperatura es un factor importante a la hora de pintar.<\/p><p>Le recomendamos que cuando pinte exteriores busque hacerlo en horas en que la temperatura no sea extrema, es decir, ni en las horas en que hace m\u00e1s fr\u00edo ni cuando hace m\u00e1s calor.<\/p><p>Busque los momentos del d\u00eda en que las superficies a pintar no se encuentren ni muy calientes ni muy fr\u00edas.<br \/><br \/><\/p>\t\t\t\t\t\t<\/div>\n\t\t\t\t<\/div>\n\t\t\t\t<div class=\"elementor-element elementor-element-87950b4 elementor-widget elementor-widget-heading\" data-id=\"87950b4\" data-element_type=\"widget\" data-widget_type=\"heading.default\">\n\t\t\t\t<div class=\"elementor-widget-container\">\n\t\t\t<h4 class=\"elementor-heading-title elementor-size-default\">La Alcalinidad\n\n\n\n<\/h4>\t\t<\/div>\n\t\t\t\t<\/div>\n\t\t\t\t<div class=\"elementor-element elementor-element-9fdc301 elementor-widget elementor-widget-text-editor\" data-id=\"9fdc301\" data-element_type=\"widget\" data-widget_type=\"text-editor.default\">\n\t\t\t\t<div class=\"elementor-widget-container\">\n\t\t\t\t\t\t\t<p>Todas las soluciones que nos rodean tienen una concentraci\u00f3n de iones que determinan si un material es \u00e1cido o b\u00e1sico, la escala con la que medimos esta concentraci\u00f3n se le conoce como pH (potencial de hidr\u00f3geno) y va desde cero hasta 14, siendo cero lo m\u00e1s \u00e1cido y 14 lo m\u00e1s b\u00e1sico (alcalino).<\/p><p>La siguiente escala con materiales comunes y el pH que contienen nos puede dar una idea de la agresividad de la acidez o la alcalinidad.<\/p>\t\t\t\t\t\t<\/div>\n\t\t\t\t<\/div>\n\t\t\t\t<div class=\"elementor-element elementor-element-ebb5f3f elementor-widget elementor-widget-image\" data-id=\"ebb5f3f\" data-element_type=\"widget\" data-widget_type=\"image.default\">\n\t\t\t\t<div class=\"elementor-widget-container\">\n\t\t\t\t\t\t\t\t\t\t\t\t\t<img decoding=\"async\" width=\"513\" height=\"118\" src=\"https:\/\/casther.com\/web\/wp-content\/uploads\/2020\/10\/alcalinidad.jpg\" class=\"attachment-large size-large wp-image-1975\" alt=\"\" srcset=\"https:\/\/casther.com\/web\/wp-content\/uploads\/2020\/10\/alcalinidad.jpg 513w, https:\/\/casther.com\/web\/wp-content\/uploads\/2020\/10\/alcalinidad-300x69.jpg 300w\" sizes=\"(max-width: 513px) 100vw, 513px\" \/>\t\t\t\t\t\t\t\t\t\t\t\t\t<\/div>\n\t\t\t\t<\/div>\n\t\t\t\t<div class=\"elementor-element elementor-element-69d0c2a elementor-widget elementor-widget-text-editor\" data-id=\"69d0c2a\" data-element_type=\"widget\" data-widget_type=\"text-editor.default\">\n\t\t\t\t<div class=\"elementor-widget-container\">\n\t\t\t\t\t\t\t<p><span style=\"font-size: 15px;\">Cuando se termina de construir y enjarrar un muro \u00e9ste llega a tener un pH de 12.5 aproximadamente, debido a la alcalinidad de los materiales con que est\u00e1n construidos el muro y sus enjarres.<\/span><\/p><p>El tiempo m\u00ednimo estimado para que un muro seque y por lo tanto descienda el nivel de pH de los materiales con que se construy\u00f3 es de aproximadamente tres meses.<\/p><p>Pero el problema de la alcalinidad de los materiales no desaparece con el tiempo, los materiales seguir\u00e1n siendo alcalinos y en cualquier momento pueden volver a manifestar esta cualidad en forma de salitre con el simple hecho de que llegue agua o humedad al interior del muro, ya sea porque el muro est\u00e9 en contacto con la tierra, por fuga en tuber\u00edas o porque los recubrimientos aplicados no proporcionen la permeabilidad suficiente, entre muchos otros.<\/p><p>El grado de deterioro que cause en la pintura depender\u00e1 directamente de la concentraci\u00f3n de materiales alcalinos en la construcci\u00f3n y de la humedad contenida en el muro a la que se exponga.<\/p><p>El nivel ideal de pH que una superficie debe tener para recibir adecuadamente y mantener en \u00f3ptimas condiciones una pintura es entre 7 y 8. Muchas veces el cemento tiene un pH de 12.5 aproximadamente, lo cual es incre\u00edblemente agresivo para una pel\u00edcula de pintura.<\/p><p>La alcalinidad provoca da\u00f1os principalmente en los pigmentos que se utilizan para darle color a la pintura, aunque puede afectar \u00edntegramente el recubrimiento.<\/p><p>A fin de disminuir o retardar la manifestaci\u00f3n visible de la alcalinidad (SALITRE) y en lo posible minimizar los da\u00f1os que pudiera sufrir la pintura aplicada, debemos seguir las siguientes recomendaciones:<\/p><p>Si la causa del problema es la humedad, elimine totalmente lo que la origina, espere un tiempo prudencial para que el muro nuevo evapore toda la humedad contenida en su interior (1 a 3 meses como m\u00ednimo), sellando cualquier grieta que haya en la superficie con sellador vin\u00edlico y espere a que seque.<\/p><p>Despu\u00e9s proceda a pintar siguiendo las instrucciones del envase.<\/p><p>Algunas veces puede ser que se presenten manchas amarillas en la pared, efecto de la humedad que se encontraba en el muro.<\/p><p>Como soluci\u00f3n r\u00e1pida y efectiva se puede aplicar sobre las manchas una mano de esmalte alkid\u00e1lico Mate y una vez seco aplicar la pintura conforme a las instrucciones del envase.<\/p><p>Cuando tengamos problemas de eflorescencia o salitre, debemos limpiar la superficie con una parte de \u00e1cido muri\u00e1tico y 10 partes de agua.<\/p><p>Deje actuar unos minutos, enjuague con abundante agua y d\u00e9jelo secar completamente.<\/p><p>Si es dentro del edificio donde se origina el aire h\u00famedo, plant\u00e9ese la posibilidad de instalar ventilas o extractores de aire, especialmente en las \u00e1reas de la cocina, los ba\u00f1os y el cuarto de lavado o tambi\u00e9n podr\u00eda aplicar al muro exterior una pintura que sirviera de barrera contra la humedad.<\/p><p>Elimine las eflorescencias y todo el material suelto con un cepillo de alambre, un cepillo de motor o un equipo de lavado de agua a presi\u00f3n, y luego enjuague abundantemente la superficie.<\/p><p>Este procedimiento no asegur\u00e1 la total eliminaci\u00f3n del salitre.<\/p>\t\t\t\t\t\t<\/div>\n\t\t\t\t<\/div>\n\t\t\t\t<div class=\"elementor-element elementor-element-e7df7c2 elementor-widget elementor-widget-heading\" data-id=\"e7df7c2\" data-element_type=\"widget\" data-widget_type=\"heading.default\">\n\t\t\t\t<div class=\"elementor-widget-container\">\n\t\t\t<h4 class=\"elementor-heading-title elementor-size-default\">Eligiendo el Color\n\n\n<\/h4>\t\t<\/div>\n\t\t\t\t<\/div>\n\t\t\t\t<div class=\"elementor-element elementor-element-3b5d944 elementor-widget elementor-widget-text-editor\" data-id=\"3b5d944\" data-element_type=\"widget\" data-widget_type=\"text-editor.default\">\n\t\t\t\t<div class=\"elementor-widget-container\">\n\t\t\t\t\t\t\t<p><span style=\"font-size: 15px;\">Cada pigmento utilizado en la fabricaci\u00f3n de pintura tiene diferente capacidad para resistir la exposici\u00f3n a los rayos del sol, existiendo colores que tienen una resistencia pobre, otros con buena resistencia y algunos con una resistencia excelente.<\/span><\/p><p>Al momento de elegir el color de la pintura es recomendable que lo elija considerando la exposici\u00f3n al sol que tiene el \u00e1rea que desea pintar.<\/p><p>En interiores no tendr\u00e1 problema con cualquier color seleccionado, imperando solo que sea de su agrado y que lo aplique correctamente, pero si la superficie que va a pintar o parte de ella est\u00e1 expuesta al sol, es importante que elija colores con pigmentos mas resistentes que mantendr\u00e1n el color por m\u00e1s tiempo.<\/p><p>Cuando el color elegido para un exterior sea una mezcla compuesta por diferentes colores de pintura y de los cuales unos colores tengan gran capacidad de resistencia y otros pobre resistencia, con el paso del tiempo y la exposici\u00f3n al sol se ir\u00e1 palideciendo el color menos resistente y se ir\u00e1 observando un tono diferente al que aplic\u00f3 originalmente.<\/p><p>Esta variaci\u00f3n ser\u00e1 gradual y constante en relaci\u00f3n directa de la cantidad y resistencia de cada color de pintura que se mezcl\u00f3.<\/p><p>Por eso es importante que el color elegido para los exteriores est\u00e9 formado por uno o varios colores de pintura que ofrezcan excelente o buena resistencia a los rayos del sol.<\/p><p>Cuando le vayan a preparar pintura para aplicarla en exteriores pida que le informen si le agregar\u00e1n alg\u00fan color de los que ofrecen poca resistencia al sol.<\/p><p>Esta variaci\u00f3n que se menciona ser\u00e1 \u00fanicamente en el color, no en la calidad y caracter\u00edsticas del producto que aplic\u00f3, es decir una pintura de un color no recomendable en exterior, le durar\u00e1 el mismo tiempo que una de color recomendable para exterior, la diferencia es que una puede palidecer mas pronto que la otra.<\/p><p><strong>Resistencia a la exposici\u00f3n al sol que ofrece cada color de pintura<\/strong><\/p><p><strong>Excelente Resistencia<\/strong><br \/>Rojo \u00f3xido, ocre y todas sus diluciones con blanco, as\u00ed como las mezclas entre estos colores.<\/p><p><strong>Buena Resistencia<\/strong><br \/>Azul, negro, verde hoja, verde turquesa, violeta y todas sus diluciones con blanco, as\u00ed como las mezclas entre estos colores.<\/p><p><strong>Pobre resistencia, no recomendables en exteriores<\/strong><br \/>Amarillo canario, rojo limpio, naranja, rosa mexicano y todas sus diluciones con blanco, as\u00ed como las mezclas entre estos colores<\/p>\t\t\t\t\t\t<\/div>\n\t\t\t\t<\/div>\n\t\t\t\t\t<\/div>\n\t\t<\/div>\n\t\t\t\t\t<\/div>\n\t\t<\/section>\n\t\t\t\t<\/div>\n\t\t","protected":false},"excerpt":{"rendered":"<p>H\u00e1galo usted mismo RECOMENDACIONES IMPORTANTES El trabajo de pintar una superficie con el fin de protegerla o decorarla, no se inicia con la aplicaci\u00f3n de la pintura, sino con una adecuada preparaci\u00f3n de la superficie a pintar. Cualquier deficiencia en la preparaci\u00f3n de la superficie a pintar disminuir\u00e1 la capacidad de \u00e9sta para recibir y [&hellip;]<\/p>\n","protected":false},"author":1,"featured_media":0,"parent":0,"menu_order":0,"comment_status":"closed","ping_status":"closed","template":"","meta":{"site-sidebar-layout":"no-sidebar","site-content-layout":"page-builder","ast-site-content-layout":"default","site-content-style":"default","site-sidebar-style":"default","ast-global-header-display":"","ast-banner-title-visibility":"","ast-main-header-display":"","ast-hfb-above-header-display":"","ast-hfb-below-header-display":"","ast-hfb-mobile-header-display":"","site-post-title":"disabled","ast-breadcrumbs-content":"","ast-featured-img":"disabled","footer-sml-layout":"","ast-disable-related-posts":"","theme-transparent-header-meta":"default","adv-header-id-meta":"","stick-header-meta":"","header-above-stick-meta":"","header-main-stick-meta":"","header-below-stick-meta":"","astra-migrate-meta-layouts":"default","ast-page-background-enabled":"default","ast-page-background-meta":{"desktop":{"background-color":"","background-image":"","background-repeat":"repeat","background-position":"center center","background-size":"auto","background-attachment":"scroll","background-type":"","background-media":"","overlay-type":"","overlay-color":"","overlay-opacity":"","overlay-gradient":""},"tablet":{"background-color":"","background-image":"","background-repeat":"repeat","background-position":"center center","background-size":"auto","background-attachment":"scroll","background-type":"","background-media":"","overlay-type":"","overlay-color":"","overlay-opacity":"","overlay-gradient":""},"mobile":{"background-color":"","background-image":"","background-repeat":"repeat","background-position":"center center","background-size":"auto","background-attachment":"scroll","background-type":"","background-media":"","overlay-type":"","overlay-color":"","overlay-opacity":"","overlay-gradient":""}},"ast-content-background-meta":{"desktop":{"background-color":"var(--ast-global-color-5)","background-image":"","background-repeat":"repeat","background-position":"center center","background-size":"auto","background-attachment":"scroll","background-type":"","background-media":"","overlay-type":"","overlay-color":"","overlay-opacity":"","overlay-gradient":""},"tablet":{"background-color":"var(--ast-global-color-5)","background-image":"","background-repeat":"repeat","background-position":"center center","background-size":"auto","background-attachment":"scroll","background-type":"","background-media":"","overlay-type":"","overlay-color":"","overlay-opacity":"","overlay-gradient":""},"mobile":{"background-color":"var(--ast-global-color-5)","background-image":"","background-repeat":"repeat","background-position":"center center","background-size":"auto","background-attachment":"scroll","background-type":"","background-media":"","overlay-type":"","overlay-color":"","overlay-opacity":"","overlay-gradient":""}},"footnotes":""},"class_list":["post-1965","page","type-page","status-publish","hentry"],"_links":{"self":[{"href":"https:\/\/casther.com\/web\/wp-json\/wp\/v2\/pages\/1965"}],"collection":[{"href":"https:\/\/casther.com\/web\/wp-json\/wp\/v2\/pages"}],"about":[{"href":"https:\/\/casther.com\/web\/wp-json\/wp\/v2\/types\/page"}],"author":[{"embeddable":true,"href":"https:\/\/casther.com\/web\/wp-json\/wp\/v2\/users\/1"}],"replies":[{"embeddable":true,"href":"https:\/\/casther.com\/web\/wp-json\/wp\/v2\/comments?post=1965"}],"version-history":[{"count":15,"href":"https:\/\/casther.com\/web\/wp-json\/wp\/v2\/pages\/1965\/revisions"}],"predecessor-version":[{"id":2738,"href":"https:\/\/casther.com\/web\/wp-json\/wp\/v2\/pages\/1965\/revisions\/2738"}],"wp:attachment":[{"href":"https:\/\/casther.com\/web\/wp-json\/wp\/v2\/media?parent=1965"}],"curies":[{"name":"wp","href":"https:\/\/api.w.org\/{rel}","templated":true}]}}